{"id":2455,"date":"2025-03-12T10:39:03","date_gmt":"2025-03-12T10:39:03","guid":{"rendered":"https:\/\/cralaw.com\/onde-estamos\/"},"modified":"2025-04-29T10:13:10","modified_gmt":"2025-04-29T10:13:10","slug":"donde-estamos","status":"publish","type":"page","link":"https:\/\/cralaw.com\/es\/donde-estamos\/","title":{"rendered":"D\u00f3nde estamos"},"content":{"rendered":"<p>[et_pb_section fb_built=\u00bb1&#8243; _builder_version=\u00bb4.27.4&#8243; _module_preset=\u00bbdefault\u00bb vertical_offset_tablet=\u00bb0&#8243; horizontal_offset_tablet=\u00bb0&#8243; custom_margin=\u00bb0px||0px||false|false\u00bb custom_padding=\u00bb0px||0px||false|false\u00bb box_shadow_horizontal_tablet=\u00bb0px\u00bb box_shadow_vertical_tablet=\u00bb0px\u00bb box_shadow_blur_tablet=\u00bb40px\u00bb box_shadow_spread_tablet=\u00bb0px\u00bb global_module=\u00bb503&#8243; saved_tabs=\u00bball\u00bb global_colors_info=\u00bb{}\u00bb][et_pb_row use_custom_gutter=\u00bbon\u00bb gutter_width=\u00bb2&#8243; make_equal=\u00bbon\u00bb disabled_on=\u00bbon|on|\u00bb _builder_version=\u00bb4.27.4&#8243; _module_preset=\u00bbdefault\u00bb background_image=\u00bbhttps:\/\/cralaw.com\/wp-content\/uploads\/2025\/03\/fundoFooter001.jpg\u00bb background_size=\u00bbinitial\u00bb background_position=\u00bbcenter_right\u00bb vertical_offset_tablet=\u00bb0&#8243; horizontal_offset_tablet=\u00bb0&#8243; width=\u00bb100%\u00bb max_width=\u00bb100%\u00bb min_height=\u00bb260px\u00bb height=\u00bb260px\u00bb max_height=\u00bb260px\u00bb custom_margin=\u00bb0px||||false|false\u00bb custom_padding=\u00bb0px|||\u00bb z_index_tablet=\u00bb0&#8243; custom_css_main_element=\u00bbwidth: 100% !important;\u00bb box_shadow_horizontal_tablet=\u00bb0px\u00bb box_shadow_vertical_tablet=\u00bb0px\u00bb box_shadow_blur_tablet=\u00bb40px\u00bb box_shadow_spread_tablet=\u00bb0px\u00bb global_colors_info=\u00bb{}\u00bb][et_pb_column type=\u00bb4_4&#8243; _builder_version=\u00bb4.24.0&#8243; _module_preset=\u00bbdefault\u00bb global_colors_info=\u00bb{}\u00bb][et_pb_text _builder_version=\u00bb4.27.4&#8243; text_font=\u00bbMontserrat||||||||\u00bb text_text_color=\u00bbrgba(0,0,0,0.9)\u00bb text_font_size=\u00bb12px\u00bb text_line_height=\u00bb1.4em\u00bb header_2_font=\u00bbMontserrat|700|||||||\u00bb header_2_text_color=\u00bb#002e60&#8243; header_2_font_size=\u00bb28px\u00bb vertical_offset_tablet=\u00bb0&#8243; horizontal_offset_tablet=\u00bb0&#8243; max_width=\u00bb600px\u00bb custom_margin=\u00bb36px|||400px|false|false\u00bb custom_padding=\u00bb0px|||\u00bb z_index_tablet=\u00bb0&#8243; text_text_shadow_horizontal_length_tablet=\u00bb0px\u00bb text_text_shadow_vertical_length_tablet=\u00bb0px\u00bb text_text_shadow_blur_strength_tablet=\u00bb1px\u00bb link_text_shadow_horizontal_length_tablet=\u00bb0px\u00bb link_text_shadow_vertical_length_tablet=\u00bb0px\u00bb link_text_shadow_blur_strength_tablet=\u00bb1px\u00bb ul_text_shadow_horizontal_length_tablet=\u00bb0px\u00bb ul_text_shadow_vertical_length_tablet=\u00bb0px\u00bb ul_text_shadow_blur_strength_tablet=\u00bb1px\u00bb ol_text_shadow_horizontal_length_tablet=\u00bb0px\u00bb ol_text_shadow_vertical_length_tablet=\u00bb0px\u00bb ol_text_shadow_blur_strength_tablet=\u00bb1px\u00bb quote_text_shadow_horizontal_length_tablet=\u00bb0px\u00bb quote_text_shadow_vertical_length_tablet=\u00bb0px\u00bb quote_text_shadow_blur_strength_tablet=\u00bb1px\u00bb header_text_shadow_horizontal_length_tablet=\u00bb0px\u00bb header_text_shadow_vertical_length_tablet=\u00bb0px\u00bb header_text_shadow_blur_strength_tablet=\u00bb1px\u00bb header_2_text_shadow_horizontal_length_tablet=\u00bb0px\u00bb header_2_text_shadow_vertical_length_tablet=\u00bb0px\u00bb header_2_text_shadow_blur_strength_tablet=\u00bb1px\u00bb header_3_text_shadow_horizontal_length_tablet=\u00bb0px\u00bb header_3_text_shadow_vertical_length_tablet=\u00bb0px\u00bb header_3_text_shadow_blur_strength_tablet=\u00bb1px\u00bb header_4_text_shadow_horizontal_length_tablet=\u00bb0px\u00bb header_4_text_shadow_vertical_length_tablet=\u00bb0px\u00bb header_4_text_shadow_blur_strength_tablet=\u00bb1px\u00bb header_5_text_shadow_horizontal_length_tablet=\u00bb0px\u00bb header_5_text_shadow_vertical_length_tablet=\u00bb0px\u00bb header_5_text_shadow_blur_strength_tablet=\u00bb1px\u00bb header_6_text_shadow_horizontal_length_tablet=\u00bb0px\u00bb header_6_text_shadow_vertical_length_tablet=\u00bb0px\u00bb header_6_text_shadow_blur_strength_tablet=\u00bb1px\u00bb box_shadow_horizontal_tablet=\u00bb0px\u00bb box_shadow_vertical_tablet=\u00bb0px\u00bb box_shadow_blur_tablet=\u00bb40px\u00bb box_shadow_spread_tablet=\u00bb0px\u00bb global_colors_info=\u00bb{}\u00bb]<\/p>\n<h2>CRA Lisboa<\/h2>\n<p>Para ponerte en contacto con nuestras oficinas, utiliza las siguientes direcciones:<br \/><strong>Tel\u00e9fono:<\/strong> (+351) 21 383 90 60<br \/><strong>E-mail:<\/strong> <a href=\"mailto:cra@cralaw.com\">cra@cralaw.com<\/a><br \/><strong>Direcci\u00f3n:<\/strong> El edificio donde se encuentran las oficinas de <strong>la CRA<\/strong> dispone de aparcamiento p\u00fablico y est\u00e1 situado a 15 minutos del aeropuerto de Lisboa:<br \/>Av. Eng\u00ba Duarte Pacheco, Empreendimento das Amoreiras Torre II, 13\u00ba A<br \/>1099-042 LISBOA PORTUGAL<\/p>\n<p>[\/et_pb_text][\/et_pb_column][\/et_pb_row][et_pb_row use_custom_gutter=\u00bbon\u00bb gutter_width=\u00bb2&#8243; make_equal=\u00bbon\u00bb disabled_on=\u00bbon|on|\u00bb _builder_version=\u00bb4.27.4&#8243; _module_preset=\u00bbdefault\u00bb background_enable_image=\u00bboff\u00bb background_size=\u00bbinitial\u00bb background_position=\u00bbcenter_right\u00bb vertical_offset_tablet=\u00bb0&#8243; horizontal_offset_tablet=\u00bb0&#8243; width=\u00bb100%\u00bb max_width=\u00bb100%\u00bb min_height=\u00bb260px\u00bb height=\u00bb260px\u00bb max_height=\u00bb260px\u00bb custom_margin=\u00bb-300px||||false|false\u00bb custom_padding=\u00bb||||false|false\u00bb z_index_tablet=\u00bb0&#8243; custom_css_main_element=\u00bbwidth: 100% !important;\u00bb box_shadow_horizontal_tablet=\u00bb0px\u00bb box_shadow_vertical_tablet=\u00bb0px\u00bb box_shadow_blur_tablet=\u00bb40px\u00bb box_shadow_spread_tablet=\u00bb0px\u00bb global_colors_info=\u00bb{}\u00bb][et_pb_column type=\u00bb4_4&#8243; _builder_version=\u00bb4.24.0&#8243; _module_preset=\u00bbdefault\u00bb global_colors_info=\u00bb{}\u00bb][et_pb_image src=\u00bbhttps:\/\/cralaw.com\/wp-content\/uploads\/2025\/03\/logoanimfooter1.png\u00bb alt=\u00bbCoelho Ribeiro &#038; Associados\u00bb title_text=\u00bbCoelho Ribeiro &#038; Associados\u00bb show_bottom_space=\u00bboff\u00bb _builder_version=\u00bb4.24.0&#8243; _module_preset=\u00bbdefault\u00bb width=\u00bb360px\u00bb max_width=\u00bb360px\u00bb min_height=\u00bb260px\u00bb height=\u00bb260px\u00bb max_height=\u00bb260px\u00bb custom_margin=\u00bb0px||0px||false|false\u00bb custom_padding=\u00bb0px||0px||false|false\u00bb animation_style=\u00bbslide\u00bb animation_direction=\u00bbleft\u00bb animation_duration=\u00bb1400ms\u00bb animation_intensity_slide=\u00bb20%\u00bb global_colors_info=\u00bb{}\u00bb][\/et_pb_image][\/et_pb_column][\/et_pb_row][et_pb_row disabled_on=\u00bbon|on|\u00bb _builder_version=\u00bb4.27.4&#8243; _module_preset=\u00bbdefault\u00bb background_color=\u00bbrgba(0,0,0,0.9)\u00bb vertical_offset_tablet=\u00bb0&#8243; horizontal_offset_tablet=\u00bb0&#8243; width=\u00bb100%\u00bb max_width=\u00bb100%\u00bb custom_margin=\u00bb0px||0px||false|false\u00bb custom_padding=\u00bb16px||1px|\u00bb z_index_tablet=\u00bb0&#8243; custom_css_main_element=\u00bbwidth: 100% !important;\u00bb box_shadow_horizontal_tablet=\u00bb0px\u00bb box_shadow_vertical_tablet=\u00bb0px\u00bb box_shadow_blur_tablet=\u00bb40px\u00bb box_shadow_spread_tablet=\u00bb0px\u00bb global_colors_info=\u00bb{}\u00bb][et_pb_column type=\u00bb4_4&#8243; _builder_version=\u00bb4.24.0&#8243; _module_preset=\u00bbdefault\u00bb global_colors_info=\u00bb{}\u00bb][et_pb_text _builder_version=\u00bb4.24.0&#8243; _module_preset=\u00bbdefault\u00bb text_font=\u00bbLato|300|||||||\u00bb text_text_color=\u00bbrgba(255,255,255,0.9)\u00bb text_font_size=\u00bb12px\u00bb global_colors_info=\u00bb{}\u00bb]<\/p>\n<p style=\"text-align: center;\">Coelho Ribeiro e Associados, Sociedade Civil de Advogados, SP, RL &#8211; \u00a9 Todos los derechos reservados. <a href=\"\/?page_id=2667\">Condiciones de Uso<\/a> &#8211; <a href=\"\/?page_id=2652\">Pol\u00edtica de Privacidad<\/a> &#8211; <a href=\"\/?page_id=2637\">Pol\u00edtica de Cookies<\/a><\/p>\n<p>[\/et_pb_text][\/et_pb_column][\/et_pb_row][et_pb_row use_custom_gutter=\u00bbon\u00bb gutter_width=\u00bb1&#8243; disabled_on=\u00bb||on\u00bb _builder_version=\u00bb4.27.4&#8243; _module_preset=\u00bbdefault\u00bb background_image=\u00bbhttps:\/\/cralaw.com\/wp-content\/uploads\/2025\/03\/fundoFooter001.jpg\u00bb vertical_offset_tablet=\u00bb0&#8243; horizontal_offset_tablet=\u00bb0&#8243; width=\u00bb100%\u00bb max_width=\u00bb100%\u00bb custom_margin=\u00bb0px||0px||false|false\u00bb custom_padding=\u00bb0px||0px||false|false\u00bb z_index_tablet=\u00bb0&#8243; box_shadow_horizontal_tablet=\u00bb0px\u00bb box_shadow_vertical_tablet=\u00bb0px\u00bb box_shadow_blur_tablet=\u00bb40px\u00bb box_shadow_spread_tablet=\u00bb0px\u00bb global_colors_info=\u00bb{}\u00bb][et_pb_column type=\u00bb4_4&#8243; _builder_version=\u00bb4.27.4&#8243; _module_preset=\u00bbdefault\u00bb global_colors_info=\u00bb{}\u00bb][et_pb_text admin_label=\u00bbContacto Footer Mobile\u00bb _builder_version=\u00bb4.27.4&#8243; text_font=\u00bbMontserrat||||||||\u00bb text_text_color=\u00bbrgba(0,0,0,0.9)\u00bb text_font_size=\u00bb12px\u00bb text_line_height=\u00bb1.2em\u00bb header_2_font=\u00bbMontserrat|700|||||||\u00bb header_2_text_color=\u00bb#002e60&#8243; header_2_font_size=\u00bb28px\u00bb vertical_offset_tablet=\u00bb0&#8243; horizontal_offset_tablet=\u00bb0&#8243; custom_margin=\u00bb|20px||20px|false|false\u00bb custom_padding=\u00bb20px||20px||false|false\u00bb z_index_tablet=\u00bb0&#8243; text_text_shadow_horizontal_length_tablet=\u00bb0px\u00bb text_text_shadow_vertical_length_tablet=\u00bb0px\u00bb text_text_shadow_blur_strength_tablet=\u00bb1px\u00bb link_text_shadow_horizontal_length_tablet=\u00bb0px\u00bb link_text_shadow_vertical_length_tablet=\u00bb0px\u00bb link_text_shadow_blur_strength_tablet=\u00bb1px\u00bb ul_text_shadow_horizontal_length_tablet=\u00bb0px\u00bb ul_text_shadow_vertical_length_tablet=\u00bb0px\u00bb ul_text_shadow_blur_strength_tablet=\u00bb1px\u00bb ol_text_shadow_horizontal_length_tablet=\u00bb0px\u00bb ol_text_shadow_vertical_length_tablet=\u00bb0px\u00bb ol_text_shadow_blur_strength_tablet=\u00bb1px\u00bb quote_text_shadow_horizontal_length_tablet=\u00bb0px\u00bb quote_text_shadow_vertical_length_tablet=\u00bb0px\u00bb quote_text_shadow_blur_strength_tablet=\u00bb1px\u00bb header_text_shadow_horizontal_length_tablet=\u00bb0px\u00bb header_text_shadow_vertical_length_tablet=\u00bb0px\u00bb header_text_shadow_blur_strength_tablet=\u00bb1px\u00bb header_2_text_shadow_horizontal_length_tablet=\u00bb0px\u00bb header_2_text_shadow_vertical_length_tablet=\u00bb0px\u00bb header_2_text_shadow_blur_strength_tablet=\u00bb1px\u00bb header_3_text_shadow_horizontal_length_tablet=\u00bb0px\u00bb header_3_text_shadow_vertical_length_tablet=\u00bb0px\u00bb header_3_text_shadow_blur_strength_tablet=\u00bb1px\u00bb header_4_text_shadow_horizontal_length_tablet=\u00bb0px\u00bb header_4_text_shadow_vertical_length_tablet=\u00bb0px\u00bb header_4_text_shadow_blur_strength_tablet=\u00bb1px\u00bb header_5_text_shadow_horizontal_length_tablet=\u00bb0px\u00bb header_5_text_shadow_vertical_length_tablet=\u00bb0px\u00bb header_5_text_shadow_blur_strength_tablet=\u00bb1px\u00bb header_6_text_shadow_horizontal_length_tablet=\u00bb0px\u00bb header_6_text_shadow_vertical_length_tablet=\u00bb0px\u00bb header_6_text_shadow_blur_strength_tablet=\u00bb1px\u00bb box_shadow_horizontal_tablet=\u00bb0px\u00bb box_shadow_vertical_tablet=\u00bb0px\u00bb box_shadow_blur_tablet=\u00bb40px\u00bb box_shadow_spread_tablet=\u00bb0px\u00bb global_colors_info=\u00bb{}\u00bb]<\/p>\n<h2>CRA Lisboa<\/h2>\n<p>Para ponerte en contacto con nuestras oficinas, utiliza las siguientes direcciones:<br \/><strong>Tel\u00e9fono:<\/strong> (+351) 21 383 90 60<br \/><strong>E-mail:<\/strong> <a href=\"mailto:cra@cralaw.com\">cra@cralaw.com<\/a><br \/><strong>Direcci\u00f3n:<\/strong> El edificio donde se encuentran las oficinas de <strong>la CRA<\/strong> dispone de aparcamiento p\u00fablico y est\u00e1 situado a 15 minutos del aeropuerto de Lisboa:<br \/>Av. Eng\u00ba Duarte Pacheco, Empreendimento das Amoreiras<br \/>Torre II, 13\u00ba A | 1099-042 LISBOA PORTUGAL<\/p>\n<p>[\/et_pb_text][\/et_pb_column][\/et_pb_row][et_pb_row disabled_on=\u00bb||on\u00bb _builder_version=\u00bb4.27.4&#8243; _module_preset=\u00bbdefault\u00bb background_color=\u00bbrgba(0,0,0,0.9)\u00bb vertical_offset_tablet=\u00bb0&#8243; horizontal_offset_tablet=\u00bb0&#8243; width=\u00bb100%\u00bb max_width=\u00bb100%\u00bb custom_margin=\u00bb0px||0px||false|false\u00bb custom_padding=\u00bb16px||1px||false|false\u00bb z_index_tablet=\u00bb0&#8243; box_shadow_horizontal_tablet=\u00bb0px\u00bb box_shadow_vertical_tablet=\u00bb0px\u00bb box_shadow_blur_tablet=\u00bb40px\u00bb box_shadow_spread_tablet=\u00bb0px\u00bb global_colors_info=\u00bb{}\u00bb][et_pb_column type=\u00bb4_4&#8243; _builder_version=\u00bb4.24.0&#8243; _module_preset=\u00bbdefault\u00bb global_colors_info=\u00bb{}\u00bb][et_pb_text admin_label=\u00bbBarra preta mobile\u00bb _builder_version=\u00bb4.27.4&#8243; _module_preset=\u00bbdefault\u00bb text_font=\u00bbLato|300|||||||\u00bb text_text_color=\u00bbrgba(255,255,255,0.9)\u00bb text_font_size=\u00bb12px\u00bb vertical_offset_tablet=\u00bb0&#8243; horizontal_offset_tablet=\u00bb0&#8243; custom_margin=\u00bb0px||0px|\u00bb custom_padding=\u00bb8px|20px|1px|20px\u00bb z_index_tablet=\u00bb0&#8243; text_text_shadow_horizontal_length_tablet=\u00bb0px\u00bb text_text_shadow_vertical_length_tablet=\u00bb0px\u00bb text_text_shadow_blur_strength_tablet=\u00bb1px\u00bb link_text_shadow_horizontal_length_tablet=\u00bb0px\u00bb link_text_shadow_vertical_length_tablet=\u00bb0px\u00bb link_text_shadow_blur_strength_tablet=\u00bb1px\u00bb ul_text_shadow_horizontal_length_tablet=\u00bb0px\u00bb ul_text_shadow_vertical_length_tablet=\u00bb0px\u00bb ul_text_shadow_blur_strength_tablet=\u00bb1px\u00bb ol_text_shadow_horizontal_length_tablet=\u00bb0px\u00bb ol_text_shadow_vertical_length_tablet=\u00bb0px\u00bb ol_text_shadow_blur_strength_tablet=\u00bb1px\u00bb quote_text_shadow_horizontal_length_tablet=\u00bb0px\u00bb quote_text_shadow_vertical_length_tablet=\u00bb0px\u00bb quote_text_shadow_blur_strength_tablet=\u00bb1px\u00bb header_text_shadow_horizontal_length_tablet=\u00bb0px\u00bb header_text_shadow_vertical_length_tablet=\u00bb0px\u00bb header_text_shadow_blur_strength_tablet=\u00bb1px\u00bb header_2_text_shadow_horizontal_length_tablet=\u00bb0px\u00bb header_2_text_shadow_vertical_length_tablet=\u00bb0px\u00bb header_2_text_shadow_blur_strength_tablet=\u00bb1px\u00bb header_3_text_shadow_horizontal_length_tablet=\u00bb0px\u00bb header_3_text_shadow_vertical_length_tablet=\u00bb0px\u00bb header_3_text_shadow_blur_strength_tablet=\u00bb1px\u00bb header_4_text_shadow_horizontal_length_tablet=\u00bb0px\u00bb header_4_text_shadow_vertical_length_tablet=\u00bb0px\u00bb header_4_text_shadow_blur_strength_tablet=\u00bb1px\u00bb header_5_text_shadow_horizontal_length_tablet=\u00bb0px\u00bb header_5_text_shadow_vertical_length_tablet=\u00bb0px\u00bb header_5_text_shadow_blur_strength_tablet=\u00bb1px\u00bb header_6_text_shadow_horizontal_length_tablet=\u00bb0px\u00bb header_6_text_shadow_vertical_length_tablet=\u00bb0px\u00bb header_6_text_shadow_blur_strength_tablet=\u00bb1px\u00bb box_shadow_horizontal_tablet=\u00bb0px\u00bb box_shadow_vertical_tablet=\u00bb0px\u00bb box_shadow_blur_tablet=\u00bb40px\u00bb box_shadow_spread_tablet=\u00bb0px\u00bb global_colors_info=\u00bb{}\u00bb]<\/p>\n<p style=\"text-align: center;\">Coelho Ribeiro e Associados, Sociedade Civil de Advogados, SP, RL &#8211; \u00a9 Todos los derechos reservados. <a href=\"\/?page_id=2667\">Condiciones de Uso<\/a> &#8211; <a href=\"\/?page_id=2652\">Pol\u00edtica de Privacidad<\/a> &#8211; <a href=\"\/?page_id=2637\">Pol\u00edtica de Cookies<\/a><\/p>\n<p>[\/et_pb_text][\/et_pb_column][\/et_pb_row][\/et_pb_section]<\/p>\n","protected":false},"excerpt":{"rendered":"<p>CRA Lisboa Para ponerte en contacto con nuestras oficinas, utiliza las siguientes direcciones:Tel\u00e9fono: (+351) 21 383 90 60E-mail: cra@cralaw.comDirecci\u00f3n: El edificio donde se encuentran las oficinas de la CRA dispone de aparcamiento p\u00fablico y est\u00e1 situado a 15 minutos del aeropuerto de Lisboa:Av. Eng\u00ba Duarte Pacheco, Empreendimento das Amoreiras Torre II, 13\u00ba A1099-042 LISBOA PORTUGALCoelho [&hellip;]<\/p>\n","protected":false},"author":1,"featured_media":2010,"parent":0,"menu_order":0,"comment_status":"closed","ping_status":"closed","template":"","meta":{"_et_pb_use_builder":"on","_et_pb_old_content":"","_et_gb_content_width":"","footnotes":""},"class_list":["post-2455","page","type-page","status-publish","has-post-thumbnail","hentry"],"yoast_head":"<!-- This site is optimized with the Yoast SEO plugin v26.8 - https:\/\/yoast.com\/product\/yoast-seo-wordpress\/ -->\n<title>D\u00f3nde estamos - CRA<\/title>\n<meta name=\"robots\" content=\"index, follow, max-snippet:-1, max-image-preview:large, max-video-preview:-1\" \/>\n<link rel=\"canonical\" href=\"https:\/\/cralaw.com\/es\/donde-estamos\/\" \/>\n<meta property=\"og:locale\" content=\"es_ES\" \/>\n<meta property=\"og:type\" content=\"article\" \/>\n<meta property=\"og:title\" content=\"D\u00f3nde estamos - CRA\" \/>\n<meta property=\"og:description\" content=\"CRA Lisboa Para ponerte en contacto con nuestras oficinas, utiliza las siguientes direcciones:Tel\u00e9fono: (+351) 21 383 90 60E-mail: cra@cralaw.comDirecci\u00f3n: El edificio donde se encuentran las oficinas de la CRA dispone de aparcamiento p\u00fablico y est\u00e1 situado a 15 minutos del aeropuerto de Lisboa:Av. Eng\u00ba Duarte Pacheco, Empreendimento das Amoreiras Torre II, 13\u00ba A1099-042 LISBOA PORTUGALCoelho [&hellip;]\" \/>\n<meta property=\"og:url\" content=\"https:\/\/cralaw.com\/es\/donde-estamos\/\" \/>\n<meta property=\"og:site_name\" content=\"CRA\" \/>\n<meta property=\"article:modified_time\" content=\"2025-04-29T10:13:10+00:00\" \/>\n<meta property=\"og:image\" content=\"https:\/\/cralaw.com\/wp-content\/uploads\/2025\/03\/CRA_featured.png\" \/>\n\t<meta property=\"og:image:width\" content=\"1200\" \/>\n\t<meta property=\"og:image:height\" content=\"627\" \/>\n\t<meta property=\"og:image:type\" content=\"image\/png\" \/>\n<meta name=\"twitter:card\" content=\"summary_large_image\" \/>\n<meta name=\"twitter:label1\" content=\"Tiempo de lectura\" \/>\n\t<meta name=\"twitter:data1\" content=\"2 minutos\" \/>\n<script type=\"application\/ld+json\" class=\"yoast-schema-graph\">{\"@context\":\"https:\/\/schema.org\",\"@graph\":[{\"@type\":\"WebPage\",\"@id\":\"https:\/\/cralaw.com\/es\/donde-estamos\/\",\"url\":\"https:\/\/cralaw.com\/es\/donde-estamos\/\",\"name\":\"D\u00f3nde estamos - CRA\",\"isPartOf\":{\"@id\":\"https:\/\/cralaw.com\/es\/#website\"},\"primaryImageOfPage\":{\"@id\":\"https:\/\/cralaw.com\/es\/donde-estamos\/#primaryimage\"},\"image\":{\"@id\":\"https:\/\/cralaw.com\/es\/donde-estamos\/#primaryimage\"},\"thumbnailUrl\":\"https:\/\/cralaw.com\/wp-content\/uploads\/2025\/03\/CRA_featured.png\",\"datePublished\":\"2025-03-12T10:39:03+00:00\",\"dateModified\":\"2025-04-29T10:13:10+00:00\",\"breadcrumb\":{\"@id\":\"https:\/\/cralaw.com\/es\/donde-estamos\/#breadcrumb\"},\"inLanguage\":\"es\",\"potentialAction\":[{\"@type\":\"ReadAction\",\"target\":[\"https:\/\/cralaw.com\/es\/donde-estamos\/\"]}]},{\"@type\":\"ImageObject\",\"inLanguage\":\"es\",\"@id\":\"https:\/\/cralaw.com\/es\/donde-estamos\/#primaryimage\",\"url\":\"https:\/\/cralaw.com\/wp-content\/uploads\/2025\/03\/CRA_featured.png\",\"contentUrl\":\"https:\/\/cralaw.com\/wp-content\/uploads\/2025\/03\/CRA_featured.png\",\"width\":1200,\"height\":627},{\"@type\":\"BreadcrumbList\",\"@id\":\"https:\/\/cralaw.com\/es\/donde-estamos\/#breadcrumb\",\"itemListElement\":[{\"@type\":\"ListItem\",\"position\":1,\"name\":\"In\u00edcio\",\"item\":\"https:\/\/cralaw.com\/es\/\"},{\"@type\":\"ListItem\",\"position\":2,\"name\":\"D\u00f3nde estamos\"}]},{\"@type\":\"WebSite\",\"@id\":\"https:\/\/cralaw.com\/es\/#website\",\"url\":\"https:\/\/cralaw.com\/es\/\",\"name\":\"CRA\",\"description\":\"\",\"potentialAction\":[{\"@type\":\"SearchAction\",\"target\":{\"@type\":\"EntryPoint\",\"urlTemplate\":\"https:\/\/cralaw.com\/es\/?s={search_term_string}\"},\"query-input\":{\"@type\":\"PropertyValueSpecification\",\"valueRequired\":true,\"valueName\":\"search_term_string\"}}],\"inLanguage\":\"es\"}]}<\/script>\n<!-- \/ Yoast SEO plugin. -->","yoast_head_json":{"title":"D\u00f3nde estamos - CRA","robots":{"index":"index","follow":"follow","max-snippet":"max-snippet:-1","max-image-preview":"max-image-preview:large","max-video-preview":"max-video-preview:-1"},"canonical":"https:\/\/cralaw.com\/es\/donde-estamos\/","og_locale":"es_ES","og_type":"article","og_title":"D\u00f3nde estamos - CRA","og_description":"CRA Lisboa Para ponerte en contacto con nuestras oficinas, utiliza las siguientes direcciones:Tel\u00e9fono: (+351) 21 383 90 60E-mail: cra@cralaw.comDirecci\u00f3n: El edificio donde se encuentran las oficinas de la CRA dispone de aparcamiento p\u00fablico y est\u00e1 situado a 15 minutos del aeropuerto de Lisboa:Av. Eng\u00ba Duarte Pacheco, Empreendimento das Amoreiras Torre II, 13\u00ba A1099-042 LISBOA PORTUGALCoelho [&hellip;]","og_url":"https:\/\/cralaw.com\/es\/donde-estamos\/","og_site_name":"CRA","article_modified_time":"2025-04-29T10:13:10+00:00","og_image":[{"width":1200,"height":627,"url":"https:\/\/cralaw.com\/wp-content\/uploads\/2025\/03\/CRA_featured.png","type":"image\/png"}],"twitter_card":"summary_large_image","twitter_misc":{"Tiempo de lectura":"2 minutos"},"schema":{"@context":"https:\/\/schema.org","@graph":[{"@type":"WebPage","@id":"https:\/\/cralaw.com\/es\/donde-estamos\/","url":"https:\/\/cralaw.com\/es\/donde-estamos\/","name":"D\u00f3nde estamos - CRA","isPartOf":{"@id":"https:\/\/cralaw.com\/es\/#website"},"primaryImageOfPage":{"@id":"https:\/\/cralaw.com\/es\/donde-estamos\/#primaryimage"},"image":{"@id":"https:\/\/cralaw.com\/es\/donde-estamos\/#primaryimage"},"thumbnailUrl":"https:\/\/cralaw.com\/wp-content\/uploads\/2025\/03\/CRA_featured.png","datePublished":"2025-03-12T10:39:03+00:00","dateModified":"2025-04-29T10:13:10+00:00","breadcrumb":{"@id":"https:\/\/cralaw.com\/es\/donde-estamos\/#breadcrumb"},"inLanguage":"es","potentialAction":[{"@type":"ReadAction","target":["https:\/\/cralaw.com\/es\/donde-estamos\/"]}]},{"@type":"ImageObject","inLanguage":"es","@id":"https:\/\/cralaw.com\/es\/donde-estamos\/#primaryimage","url":"https:\/\/cralaw.com\/wp-content\/uploads\/2025\/03\/CRA_featured.png","contentUrl":"https:\/\/cralaw.com\/wp-content\/uploads\/2025\/03\/CRA_featured.png","width":1200,"height":627},{"@type":"BreadcrumbList","@id":"https:\/\/cralaw.com\/es\/donde-estamos\/#breadcrumb","itemListElement":[{"@type":"ListItem","position":1,"name":"In\u00edcio","item":"https:\/\/cralaw.com\/es\/"},{"@type":"ListItem","position":2,"name":"D\u00f3nde estamos"}]},{"@type":"WebSite","@id":"https:\/\/cralaw.com\/es\/#website","url":"https:\/\/cralaw.com\/es\/","name":"CRA","description":"","potentialAction":[{"@type":"SearchAction","target":{"@type":"EntryPoint","urlTemplate":"https:\/\/cralaw.com\/es\/?s={search_term_string}"},"query-input":{"@type":"PropertyValueSpecification","valueRequired":true,"valueName":"search_term_string"}}],"inLanguage":"es"}]}},"_links":{"self":[{"href":"https:\/\/cralaw.com\/es\/wp-json\/wp\/v2\/pages\/2455","targetHints":{"allow":["GET"]}}],"collection":[{"href":"https:\/\/cralaw.com\/es\/wp-json\/wp\/v2\/pages"}],"about":[{"href":"https:\/\/cralaw.com\/es\/wp-json\/wp\/v2\/types\/page"}],"author":[{"embeddable":true,"href":"https:\/\/cralaw.com\/es\/wp-json\/wp\/v2\/users\/1"}],"replies":[{"embeddable":true,"href":"https:\/\/cralaw.com\/es\/wp-json\/wp\/v2\/comments?post=2455"}],"version-history":[{"count":4,"href":"https:\/\/cralaw.com\/es\/wp-json\/wp\/v2\/pages\/2455\/revisions"}],"predecessor-version":[{"id":3478,"href":"https:\/\/cralaw.com\/es\/wp-json\/wp\/v2\/pages\/2455\/revisions\/3478"}],"wp:featuredmedia":[{"embeddable":true,"href":"https:\/\/cralaw.com\/es\/wp-json\/wp\/v2\/media\/2010"}],"wp:attachment":[{"href":"https:\/\/cralaw.com\/es\/wp-json\/wp\/v2\/media?parent=2455"}],"curies":[{"name":"wp","href":"https:\/\/api.w.org\/{rel}","templated":true}]}}